{"id":65,"date":"2014-08-25T14:08:41","date_gmt":"2014-08-25T14:08:41","guid":{"rendered":"http:\/\/192.168.1.104\/enfold-photography\/?page_id=2"},"modified":"2022-12-18T16:46:47","modified_gmt":"2022-12-18T15:46:47","slug":"frontpage","status":"publish","type":"page","link":"https:\/\/www.koupelnyslavicin.cz\/","title":{"rendered":"Dom\u016f"},"content":{"rendered":"<div id='fullscreen_slider_1'  class='avia-fullscreen-slider main_color   avia-builder-el-0  avia-builder-el-no-sibling   container_wrap fullsize' style=' '  ><div   data-size='extra_large'  data-lightbox_size='large'  data-animation='fade'  data-conditional_play=''  data-ids='1696,711,865,675,911'  data-video_counter='0'  data-autoplay='true'  data-bg_slider='true'  data-slide_height='100'  data-handle='av_fullscreen'  data-interval='5'  data-class=' '  data-el_id=''  data-css_id='fullscreen_slider_1'  data-scroll_down=''  data-control_layout='av-control-hidden'  data-custom_markup=''  data-perma_caption=''  data-autoplay_stopper=''  data-image_attachment=''  data-min_height='0px'  data-stretch=''  data-default-height='100'  class='avia-slideshow avia-slideshow-1  av-control-hidden av-default-height-applied avia-slideshow-extra_large av_fullscreen   avia-fade-slider '  itemprop=\"image\" itemscope=\"itemscope\" itemtype=\"https:\/\/schema.org\/ImageObject\" ><ul class='avia-slideshow-inner ' style='padding-bottom: 66.8%;' ><li style='background-position:center center;' data-img-url='https:\/\/www.koupelnyslavicin.cz\/wp-content\/uploads\/2020\/04\/aran-royal-place-2-1-1500x1002.jpg' class=' slide-1 ' ><div data-rel='slideshow-1' class='avia-slide-wrap '   ><div class = \"caption_fullwidth av-slideshow-caption caption_center\"><div class = \"container caption_container\"><div class = \"slideshow_caption\"><div class = \"slideshow_inner_caption\"><div class = \"slideshow_align_caption\"><h2  style='font-size:50px; ' class='avia-caption-title  '  itemprop=\"name\" >Koupelnov\u00e9 studio<\/h2><div class='avia-caption-content  av_inherit_color'  itemprop=\"description\"   style='font-size:18px; '><p>Firma Vodo-topo-keramika V\u00e1m nab\u00edz\u00ed \u0161irok\u00fd sortiment koupelnov\u00e9ho vybaven\u00ed od \u010desk\u00fdch a zahrani\u010dn\u00edch v\u00fdrobc\u016f.<\/p>\n<\/div><a href='https:\/\/www.koupelnyslavicin.cz\/index.php\/nabidka'  class='avia-slideshow-button avia-button avia-color-theme-color ' data-duration='800' data-easing='easeInOutQuad'>Projd\u011bte si nab\u00eddku<\/a><\/div><\/div><\/div><\/div><\/div><div class='av-section-color-overlay' style='opacity: 0.5; background-color: #0a0a0a; '><\/div><\/div><\/li><li style='background-position:bottom center;' data-img-url='https:\/\/www.koupelnyslavicin.cz\/wp-content\/uploads\/2020\/04\/love_you_navy_bathroom_mp_smallqn2Moq2lpWmXmsvZppeYqw.jpg' class=' slide-2 ' ><div data-rel='slideshow-1' class='avia-slide-wrap '   ><div class = \"caption_fullwidth av-slideshow-caption caption_center\"><div class = \"container caption_container\"><div class = \"slideshow_caption\"><div class = \"slideshow_inner_caption\"><div class = \"slideshow_align_caption\"><h2  style='font-size:50px; ' class='avia-caption-title  '  itemprop=\"name\" >Koupelny p\u0159edn\u00edch dodavatel\u016f<\/h2><br\/><a href='https:\/\/www.koupelnyslavicin.cz\/index.php\/galerie-koupelen'  class='avia-slideshow-button avia-button avia-color-light ' data-duration='800' data-easing='easeInOutQuad'>Projd\u011bte si galerii nejnov\u011bj\u0161\u00edch koupelnov\u00fdch s\u00e9ri\u00ed<\/a><\/div><\/div><\/div><\/div><\/div><div class='av-section-color-overlay' style='opacity: 0.5; background-color: #0a0a0a; '><\/div><\/div><\/li><li style='background-position:bottom center;' data-img-url='https:\/\/www.koupelnyslavicin.cz\/wp-content\/uploads\/2020\/03\/aran-house-of-tones-beige_0-1500x994.jpg' class=' slide-3 ' ><div data-rel='slideshow-1' class='avia-slide-wrap '   ><div class = \"caption_fullwidth av-slideshow-caption caption_bottom\"><div class = \"container caption_container\"><div class = \"slideshow_caption\"><div class = \"slideshow_inner_caption\"><div class = \"slideshow_align_caption\"><div class='avia-caption-content  av_inherit_color'  itemprop=\"description\"   style='font-size:20px; '><p>Firma Vodo-topo-keramika V\u00e1m nab\u00edz\u00ed \u0161irok\u00fd sortiment koupelnov\u00e9ho vybaven\u00ed od \u010desk\u00fdch a zahrani\u010dn\u00edch v\u00fdrobc\u016f.<\/p>\n<\/div><\/div><\/div><\/div><\/div><\/div><div class='av-section-color-overlay' style='opacity: 0.5; background-color: #0a0a0a; '><\/div><\/div><\/li><li style='background-position:center center;' data-img-url='https:\/\/www.koupelnyslavicin.cz\/wp-content\/uploads\/2020\/04\/green_show_bathroom_2_mp_smallqn2Moq2lpWmXmsvZppeYqw-1.jpg' class=' slide-4 ' ><div data-rel='slideshow-1' class='avia-slide-wrap '   ><div class = \"caption_fullwidth av-slideshow-caption caption_bottom\"><div class = \"container caption_container\"><div class = \"slideshow_caption\"><div class = \"slideshow_inner_caption\"><div class = \"slideshow_align_caption\"><div class='avia-caption-content  av_inherit_color'  itemprop=\"description\"   style='font-size:22px; '><p>Firma Vodo-topo-keramika V\u00e1m nab\u00edz\u00ed \u0161irok\u00fd sortiment koupelnov\u00e9ho vybaven\u00ed od \u010desk\u00fdch a zahrani\u010dn\u00edch v\u00fdrobc\u016f.<\/p>\n<\/div><\/div><\/div><\/div><\/div><\/div><\/div><\/li><\/ul><div class='avia-slideshow-arrows avia-slideshow-controls'><a href='#prev' class='prev-slide' aria-hidden='true' data-av_icon='\ue87c' data-av_iconfont='entypo-fontello'>Previous<\/a><a href='#next' class='next-slide' aria-hidden='true' data-av_icon='\ue87d' data-av_iconfont='entypo-fontello'>Next<\/a><\/div><div class='avia-slideshow-dots avia-slideshow-controls'><a href='#1' class='goto-slide active' >1<\/a><a href='#2' class='goto-slide ' >2<\/a><a href='#3' class='goto-slide ' >3<\/a><a href='#4' class='goto-slide ' >4<\/a><\/div><\/div><\/div>\n","protected":false},"excerpt":{"rendered":"","protected":false},"author":1,"featured_media":0,"parent":0,"menu_order":0,"comment_status":"open","ping_status":"open","template":"","meta":{"wp_mapbox_gl_js_media":[]},"_links":{"self":[{"href":"https:\/\/www.koupelnyslavicin.cz\/index.php\/wp-json\/wp\/v2\/pages\/65"}],"collection":[{"href":"https:\/\/www.koupelnyslavicin.cz\/index.php\/wp-json\/wp\/v2\/pages"}],"about":[{"href":"https:\/\/www.koupelnyslavicin.cz\/index.php\/wp-json\/wp\/v2\/types\/page"}],"author":[{"embeddable":true,"href":"https:\/\/www.koupelnyslavicin.cz\/index.php\/wp-json\/wp\/v2\/users\/1"}],"replies":[{"embeddable":true,"href":"https:\/\/www.koupelnyslavicin.cz\/index.php\/wp-json\/wp\/v2\/comments?post=65"}],"version-history":[{"count":34,"href":"https:\/\/www.koupelnyslavicin.cz\/index.php\/wp-json\/wp\/v2\/pages\/65\/revisions"}],"predecessor-version":[{"id":1847,"href":"https:\/\/www.koupelnyslavicin.cz\/index.php\/wp-json\/wp\/v2\/pages\/65\/revisions\/1847"}],"wp:attachment":[{"href":"https:\/\/www.koupelnyslavicin.cz\/index.php\/wp-json\/wp\/v2\/media?parent=65"}],"curies":[{"name":"wp","href":"https:\/\/api.w.org\/{rel}","templated":true}]}}