{"id":569,"date":"2020-03-30T23:01:44","date_gmt":"2020-03-30T21:01:44","guid":{"rendered":"http:\/\/koupelny.codeplayground.eu\/?page_id=569"},"modified":"2025-09-13T16:47:55","modified_gmt":"2025-09-13T14:47:55","slug":"sluzby","status":"publish","type":"page","link":"http:\/\/www.koupelnyslavicin.cz\/index.php\/sluzby","title":{"rendered":"Slu\u017eby"},"content":{"rendered":"<div id='av_section_1'  class='avia-section main_color avia-section-default avia-no-border-styling avia-bg-style-scroll  avia-builder-el-0  avia-builder-el-no-sibling   container_wrap fullsize' style=' '  ><div class='container' ><main  role=\"main\" itemprop=\"mainContentOfPage\"  class='template-page content  av-content-full alpha units'><div class='post-entry post-entry-type-page post-entry-569'><div class='entry-content-wrapper clearfix'>\n<div class=\"flex_column av_one_third  flex_column_div av-zero-column-padding first  avia-builder-el-1  el_before_av_one_third  avia-builder-el-first  \" style='border-radius:0px; '><p><div  class='avia-image-container  av-styling-    avia-builder-el-2  el_before_av_heading  avia-builder-el-first  avia-align-center '  itemprop=\"image\" itemscope=\"itemscope\" itemtype=\"https:\/\/schema.org\/ImageObject\"  ><div class='avia-image-container-inner'><div class='avia-image-overlay-wrap'><img class='avia_image' src='https:\/\/www.koupelnyslavicin.cz\/wp-content\/uploads\/2025\/09\/eshop-1030x600.png' alt='' title='eshop' height=\"600\" width=\"1030\"  itemprop=\"thumbnailUrl\"  \/><\/div><\/div><\/div><br \/>\n<div  style='padding-bottom:10px; ' class='av-special-heading av-special-heading-h3    avia-builder-el-3  el_after_av_image  el_before_av_textblock  '><h3 class='av-special-heading-tag '  itemprop=\"headline\"  >E-shop<\/h3><div class='special-heading-border'><div class='special-heading-inner-border' ><\/div><\/div><\/div><br \/>\n<section class=\"av_textblock_section \"  itemscope=\"itemscope\" itemtype=\"https:\/\/schema.org\/CreativeWork\" ><div class='avia_textblock  '   itemprop=\"text\" ><p>Produkty do koupelny a stavebn\u00ed materi\u00e1l pro Va\u0161i koupelnu pohodln\u011b zakoup\u00edte na e-shopu: <a href=\"https:\/\/obchod.koupelnyslavicin.cz\/\">https:\/\/obchod.koupelnyslavicin.cz\/<\/a><\/p>\n<\/div><\/section><\/p><\/div><div class=\"flex_column av_one_third  flex_column_div av-zero-column-padding   avia-builder-el-5  el_after_av_one_third  el_before_av_one_third  \" style='border-radius:0px; '><p><div  class='avia-image-container avia_animated_image avia_animate_when_almost_visible fade-in av-styling-    avia-builder-el-6  el_before_av_heading  avia-builder-el-first  avia-align-center '  itemprop=\"image\" itemscope=\"itemscope\" itemtype=\"https:\/\/schema.org\/ImageObject\"  ><div class='avia-image-container-inner'><div class='avia-image-overlay-wrap'><img class='avia_image' src='https:\/\/www.koupelnyslavicin.cz\/wp-content\/uploads\/2020\/08\/unnamed.png' alt='' title='unnamed' height=\"153\" width=\"236\"  itemprop=\"thumbnailUrl\"  \/><\/div><\/div><\/div><br \/>\n<div  style='padding-bottom:10px; ' class='av-special-heading av-special-heading-h3    avia-builder-el-7  el_after_av_image  el_before_av_textblock  '><h3 class='av-special-heading-tag '  itemprop=\"headline\"  >Grafick\u00e9 n\u00e1vrhy koupelen<\/h3><div class='special-heading-border'><div class='special-heading-inner-border' ><\/div><\/div><\/div><br \/>\n<section class=\"av_textblock_section \"  itemscope=\"itemscope\" itemtype=\"https:\/\/schema.org\/CreativeWork\" ><div class='avia_textblock  '   itemprop=\"text\" ><p>Pro grafick\u00e9 n\u00e1vrhy pou\u017e\u00edv\u00e1me program ArCon.<\/p>\n<p>ArCon je vysoce interaktivn\u00ed vizu\u00e1ln\u00ed n\u00e1stroj pro projektov\u00e1n\u00ed a vizualizace. Funkcionalita ArConu je postavena nejen na po\u017eadavc\u00edch a re\u00e1ln\u00fdch pot\u0159eb\u00e1ch u\u017eivatel\u016f z\u00a0\u0159ad architekt\u016f, projektant\u016f a n\u00e1vrh\u00e1\u0159\u016f interi\u00e9r\u016f, ale zohled\u0148uje tak\u00e9 i pot\u0159eby u\u017eivatel\u016f v\u00a0realitn\u00ed a developersk\u00e9 \u010dinnosti. Zaj\u00edmav\u00e9 mo\u017enosti nab\u00edz\u00ed ArCon v\u00fdrobc\u016fm a prodejc\u016fm n\u00e1bytku, sanit\u00e1rn\u00edch p\u0159edm\u011bt\u016f, obklad\u016f, dla\u017eeb, vestav\u011bn\u00fdch sk\u0159\u00edn\u00ed, krb\u016f a interi\u00e9rov\u00fdch dopl\u0148k\u016f.<\/p>\n<p>A pro lep\u0161\u00ed vizualizaci dla\u017eby a obklad\u016f pou\u017e\u00edv\u00e1me software TILER\u00a0 interi\u00e9rov\u00fdm studi\u00edm zam\u011b\u0159en\u00fdm na n\u00e1vrh pokl\u00e1dky obklad\u016f a dla\u017eeb<\/p>\n<p><a href=\"https:\/\/youtu.be\/q7rVCrhw3Ms\" target=\"_blank\" rel=\"noopener\">Novinky TILER 3 &#8211; Pokl\u00e1dka pomoc\u00ed nov\u00fdch funkc\u00ed Tileru<\/a><\/p>\n<p><a href=\"https:\/\/youtu.be\/h5bAnpcwwrY\" target=\"_blank\" rel=\"noopener\">Vytvo\u0159en\u00ed n\u00e1vrhu koupelny<\/a><\/p>\n<\/div><\/section><\/p><\/div><div class=\"flex_column av_one_third  flex_column_div av-zero-column-padding   avia-builder-el-9  el_after_av_one_third  el_before_av_one_third  \" style='border-radius:0px; '><p><div  class='avia-image-container  av-styling-    avia-builder-el-10  el_before_av_heading  avia-builder-el-first  avia-align-center '  itemprop=\"image\" itemscope=\"itemscope\" itemtype=\"https:\/\/schema.org\/ImageObject\"  ><div class='avia-image-container-inner'><div class='avia-image-overlay-wrap'><img class='avia_image' src='https:\/\/www.koupelnyslavicin.cz\/wp-content\/uploads\/2020\/08\/kalkulace-1.jpg' alt='' title='kalkulace 1' height=\"176\" width=\"286\"  itemprop=\"thumbnailUrl\"  \/><\/div><\/div><\/div><br \/>\n<div  style='padding-bottom:10px; ' class='av-special-heading av-special-heading-h3    avia-builder-el-11  el_after_av_image  el_before_av_textblock  '><h3 class='av-special-heading-tag '  itemprop=\"headline\"  >Cenov\u00e1 nab\u00eddka na vybran\u00e9 zbo\u017e\u00ed<\/h3><div class='special-heading-border'><div class='special-heading-inner-border' ><\/div><\/div><\/div><br \/>\n<section class=\"av_textblock_section \"  itemscope=\"itemscope\" itemtype=\"https:\/\/schema.org\/CreativeWork\" ><div class='avia_textblock  '   itemprop=\"text\" ><p>Pokud si p\u0159ejete cenovou nab\u00eddku,<\/p>\n<p>m\u016f\u017eete n\u00e1m ji zaslat na na\u0161e emailov\u00e9 adresy:<\/p>\n<p>V p\u0159\u00edpad\u011b cenov\u00e9 nab\u00eddky ohledn\u011b koupelen, m\u016f\u017eete kontaktovat pan\u00ed Bc. Mark\u00e9tu \u0160ur\u00e1\u0148ovou na emailu <strong><em>Marketasuranova@email.cz.<\/em><\/strong><\/p>\n<p>V p\u0159\u00edpad\u011b cenov\u00e9 nab\u00eddky na vodovodn\u00ed \u010di topen\u00e1\u0159sk\u00fd sortiment, m\u016f\u017eete zaslat dotaz na email<strong><em> Pavel.vtk@email.cz<\/em><\/strong><\/p>\n<p>Va\u0161e emaily budeme \u0159e\u0161it co nejkrat\u0161\u00ed dob\u011b.<\/p>\n<\/div><\/section><\/p><\/div><div class=\"flex_column av_one_third  flex_column_div av-zero-column-padding first  avia-builder-el-13  el_after_av_one_third  el_before_av_one_third  column-top-margin\" style='border-radius:0px; '><p><div  class='avia-image-container  av-styling-    avia-builder-el-14  el_before_av_heading  avia-builder-el-first  avia-align-center '  itemprop=\"image\" itemscope=\"itemscope\" itemtype=\"https:\/\/schema.org\/ImageObject\"  ><div class='avia-image-container-inner'><div class='avia-image-overlay-wrap'><img class='avia_image' src='https:\/\/www.koupelnyslavicin.cz\/wp-content\/uploads\/2020\/08\/loading-300x176.jpg' alt='' title='loading' height=\"176\" width=\"300\"  itemprop=\"thumbnailUrl\"  \/><\/div><\/div><\/div><br \/>\n<div  style='padding-bottom:10px; ' class='av-special-heading av-special-heading-h3    avia-builder-el-15  el_after_av_image  el_before_av_textblock  '><h3 class='av-special-heading-tag '  itemprop=\"headline\"  >Doprava zbo\u017e\u00ed a\u017e dom\u016f<\/h3><div class='special-heading-border'><div class='special-heading-inner-border' ><\/div><\/div><\/div><br \/>\n<section class=\"av_textblock_section \"  itemscope=\"itemscope\" itemtype=\"https:\/\/schema.org\/CreativeWork\" ><div class='avia_textblock  '   itemprop=\"text\" ><p>Pokud pot\u0159ebujete odv\u00e9st Va\u0161i novou koupelnu, nen\u00ed to probl\u00e9m.<\/p>\n<p>Nab\u00edz\u00edme V\u00e1m odvoz materi\u00e1lu, cena dle dohody.<\/p>\n<\/div><\/section><\/p><\/div><div class=\"flex_column av_one_third  flex_column_div av-zero-column-padding   avia-builder-el-17  el_after_av_one_third  el_before_av_one_third  column-top-margin\" style='border-radius:0px; '><p><div  class='avia-image-container  av-styling-    avia-builder-el-18  el_before_av_heading  avia-builder-el-first  avia-align-center '  itemprop=\"image\" itemscope=\"itemscope\" itemtype=\"https:\/\/schema.org\/ImageObject\"  ><div class='avia-image-container-inner'><div class='avia-image-overlay-wrap'><img class='avia_image' src='https:\/\/www.koupelnyslavicin.cz\/wp-content\/uploads\/2020\/08\/iDoklad-blog_skladyFB-300x157.png' alt='' title='iDoklad-blog_skladyFB' height=\"157\" width=\"300\"  itemprop=\"thumbnailUrl\"  \/><\/div><\/div><\/div><br \/>\n<div  style='padding-bottom:10px; ' class='av-special-heading av-special-heading-h3    avia-builder-el-19  el_after_av_image  el_before_av_textblock  '><h3 class='av-special-heading-tag '  itemprop=\"headline\"  >Uskladn\u011bn\u00ed zbo\u017e\u00ed v na\u0161ich skladech<\/h3><div class='special-heading-border'><div class='special-heading-inner-border' ><\/div><\/div><\/div><br \/>\n<section class=\"av_textblock_section \"  itemscope=\"itemscope\" itemtype=\"https:\/\/schema.org\/CreativeWork\" ><div class='avia_textblock  '   itemprop=\"text\" ><p>Po dobu rekonstrukce \u010di stavby koupelny si v na\u0161ich skladech m\u016f\u017eete zdarma uschovat Va\u0161i novou koupelnu.<\/p>\n<\/div><\/section><\/p><\/div><div class=\"flex_column av_one_third  flex_column_div av-zero-column-padding   avia-builder-el-21  el_after_av_one_third  avia-builder-el-last  column-top-margin\" style='border-radius:0px; '><p><div  class='avia-image-container  av-styling-    avia-builder-el-22  el_before_av_heading  avia-builder-el-first  avia-align-center '  itemprop=\"image\" itemscope=\"itemscope\" itemtype=\"https:\/\/schema.org\/ImageObject\"  ><div class='avia-image-container-inner'><div class='avia-image-overlay-wrap'><img class='avia_image' src='https:\/\/www.koupelnyslavicin.cz\/wp-content\/uploads\/2020\/08\/sta\u017een\u00fd-soubor-300x141.png' alt='' title='sta\u017een\u00fd soubor' height=\"141\" width=\"300\"  itemprop=\"thumbnailUrl\"  \/><\/div><\/div><\/div><br \/>\n<div  style='padding-bottom:10px; ' class='av-special-heading av-special-heading-h3    avia-builder-el-23  el_after_av_image  el_before_av_textblock  '><h3 class='av-special-heading-tag '  itemprop=\"headline\"  >Poradensk\u00e1 slu\u017eba<\/h3><div class='special-heading-border'><div class='special-heading-inner-border' ><\/div><\/div><\/div><br \/>\n<section class=\"av_textblock_section \"  itemscope=\"itemscope\" itemtype=\"https:\/\/schema.org\/CreativeWork\" ><div class='avia_textblock  '   itemprop=\"text\" ><p>Nev\u00edte si rady s p\u0159estavbou star\u00e9 koupelny na novou? M\u00e1te novostavbu a pot\u0159ebujete poradit, jak nejl\u00e9pe za\u0159\u00eddit koupelnu?<\/p>\n<p>R\u00e1di V\u00e1m porad\u00edme nap\u0159\u00edklad s v\u00fdb\u011brem rozm\u011br\u016f van, umyvadel \u010di sprchov\u00fdch kout\u016f.<\/p>\n<p>Porad\u00edme s v\u00fdb\u011bry dla\u017eeb a obklad\u016f.<\/p>\n<p>Nakresl\u00edme V\u00e1m grafick\u00fd n\u00e1vrh a zkompletujeme Va\u0161i objedn\u00e1vku dle Va\u0161ich po\u017eadavk\u016f.<\/p>\n<p>R\u00e1di V\u00e1m porad\u00edme, osobn\u011b \u010di emailem.<\/p>\n<\/div><\/section><\/p><\/div>\n","protected":false},"excerpt":{"rendered":"","protected":false},"author":2,"featured_media":0,"parent":0,"menu_order":0,"comment_status":"closed","ping_status":"closed","template":"","meta":{"wp_mapbox_gl_js_media":[]},"_links":{"self":[{"href":"http:\/\/www.koupelnyslavicin.cz\/index.php\/wp-json\/wp\/v2\/pages\/569"}],"collection":[{"href":"http:\/\/www.koupelnyslavicin.cz\/index.php\/wp-json\/wp\/v2\/pages"}],"about":[{"href":"http:\/\/www.koupelnyslavicin.cz\/index.php\/wp-json\/wp\/v2\/types\/page"}],"author":[{"embeddable":true,"href":"http:\/\/www.koupelnyslavicin.cz\/index.php\/wp-json\/wp\/v2\/users\/2"}],"replies":[{"embeddable":true,"href":"http:\/\/www.koupelnyslavicin.cz\/index.php\/wp-json\/wp\/v2\/comments?post=569"}],"version-history":[{"count":21,"href":"http:\/\/www.koupelnyslavicin.cz\/index.php\/wp-json\/wp\/v2\/pages\/569\/revisions"}],"predecessor-version":[{"id":1857,"href":"http:\/\/www.koupelnyslavicin.cz\/index.php\/wp-json\/wp\/v2\/pages\/569\/revisions\/1857"}],"wp:attachment":[{"href":"http:\/\/www.koupelnyslavicin.cz\/index.php\/wp-json\/wp\/v2\/media?parent=569"}],"curies":[{"name":"wp","href":"https:\/\/api.w.org\/{rel}","templated":true}]}}